{"id":2441,"date":"2023-07-21T15:20:36","date_gmt":"2023-07-21T12:20:36","guid":{"rendered":"https:\/\/electra-me.com\/politica-de-confidentialitate\/"},"modified":"2023-07-21T16:11:01","modified_gmt":"2023-07-21T13:11:01","slug":"politica-de-confidentialitate","status":"publish","type":"page","link":"https:\/\/electra-me.com\/ro\/politica-de-confidentialitate\/","title":{"rendered":"Politica de Confidentialitate"},"content":{"rendered":"\n<p><a href=\"https:\/\/robedeabsolvire.ro\/admin\/index.php?route=extension\/d_visual_designer\/designer\/frontend&amp;user_token=D4qLE2mnM68P1ss4t9syOnqJBb3tWVeo&amp;config=information&amp;id=3\" target=\"_blank\" rel=\"noreferrer noopener\"><\/a><\/p>\n\n\n\n<p><em><strong><u>POLITICA DE CONFIDENTIALITATE<\/u><\/strong><\/em><\/p>\n\n\n\n<p><em><strong><u>A SOCIETATII ELECTRA M&amp;E ROMANIA S.R.L.<\/u><\/strong><\/em><\/p>\n\n\n\n<p>1. <strong>Informa\u021bii generale<\/strong><\/p>\n\n\n\n<p>Aceast\u0103 Politic\u0103 de confiden\u021bialitate (\u201c<strong>Politica<\/strong>\u201d) explic\u0103 modul \u00een care societatea ELECTRA M&amp;E ROMANIA S.R.L. (denumit\u0103 \u00een continuare: \u201d<strong>ELECTRA M&amp;E ROMANIA S.R.L.<\/strong>\u201d sau \u201d<strong>Societatea<\/strong>\u201d) colecteaz\u0103, proceseaz\u0103 \u015fi protejeaz\u0103 datele dumneavoastr\u0103 cu caracter personal.<\/p>\n\n\n\n<p>ELECTRA M&amp;E ROMANIA S.R.L. cunoa\u0219te importan\u021ba datelor dumneavoastr\u0103 \u0219i se angajeaz\u0103 s\u0103 protejeze confiden\u021bialitatea \u0219i securitatea acestora, prelucr\u00e2nd datele dumneavoastr\u0103 personale \u00een deplin\u0103 concordan\u021b\u0103 cu Regulamentul (UE) 2016\/679 (<strong>&#8222;Regulamentul general privind protec\u021bia datelor&#8221; sau &#8222;GDPR&#8221;<\/strong>), cu Legea 190\/2018 privind m\u0103surile de punere \u00een aplicare a Regulamentului (UE) 2016\/679.<\/p>\n\n\n\n<p>Ne rezerv\u0103m dreptul de a actualiza \u0219i modifica periodic aceast\u0103 Politic\u0103, pentru a reflecta orice modific\u0103ri ale modului \u00een care prelucr\u0103m datele dumneavoastr\u0103 cu caracter personal sau orice modificari ale cerin\u021belor legale. \u00cen cazul oric\u0103rei astfel de modific\u0103ri, vom afi\u0219a pe website-ul nostru versiunea modificat\u0103 a Politicii de Confiden\u021bialitate, motiv pentru care v\u0103 rug\u0103m s\u0103 verifica\u021bi periodic con\u021binutul acestei Politici de Confiden\u021bialitate.<\/p>\n\n\n\n<p>Cu privire la datele cu caracter personal pe care le colect\u0103m, ELECTRA M&amp;E ROMANIA S.R.L. este \u201coperator de date\u201d, adic\u0103 entitatea care stabile\u015fte scopurile \u015fi mijloacele prin care datele cu caracter personal sunt prelucrate.<\/p>\n\n\n\n<p>\u00cen cazul \u00een care dori\u021bi s\u0103 ne contacta\u021bi \u00een leg\u0103tur\u0103 cu informa\u0163iile dumneavoastr\u0103 cu caracter personal sau aceast\u0103 Politic\u0103, folosi\u021bi urm\u0103toarele date de contact:<\/p>\n\n\n\n<p>Denumirea societatii:&nbsp;ELECTRA M&amp;E ROMANIA S.R.L.<\/p>\n\n\n\n<p>Adresa:&nbsp;ROMANIA, BUCURESTI, SECTOR 5, BD. TUDOR VLADIMIRESCU NR 29A, CLADIREA DE BIROURI AFI TECH PARK 1, ETAJ 2 &nbsp;Date \u00eenregistrare la Registrul Comertului: nr. J40\/2098\/2008, CUI RO 18483455,<\/p>\n\n\n\n<p>Telefon:&nbsp;+4(0).021.330.2086<\/p>\n\n\n\n<p><strong>2.<\/strong> <strong>Principii<\/strong><strong> <\/strong><strong>legate de prelucrarea datelor cu caracter personal<\/strong><\/p>\n\n\n\n<p>\u201e<em>Legalitate, echitate \u0219i transparen\u021b\u0103<\/em>\u201d: Datele cu caracter personal sunt prelucrate \u00een mod legal, echitabil \u0219i transparent fa\u021b\u0103 de persoana vizat\u0103.<\/p>\n\n\n\n<p>\u201e<em>Limit\u0103ri legate de scop<\/em>\u201d: Datele cu caracter personal sunt colectate \u00een scopuri determinate, explicite \u0219i legitime \u0219i nu sunt prelucrate ulterior \u00eentr-un mod incompatibil cu aceste scopuri;<\/p>\n\n\n\n<p>\u201e<em>Reducerea la minimum a datelor<\/em>\u201d: Datele cu caracter personal sunt adecvate, relevante \u0219i limitate la ceea ce este necesar \u00een raport cu scopurile \u00een care sunt prelucrate;<\/p>\n\n\n\n<p>\u201e<em>Exactitate<\/em>\u201d: Datele cu caracter personal sunt exacte \u0219i, \u00een cazul \u00een care este necesar, vor fi actualizate; datele cu caracter personal care sunt inexacte, av\u00e2nd \u00een vedere scopurile pentru care sunt prelucrate, sunt \u0219terse sau rectificate f\u0103r\u0103 \u00eent\u00e2rziere;&nbsp;<\/p>\n\n\n\n<p>\u201e<em>Limit\u0103ri legate de stocare<\/em>\u201d: Datele cu caracter personal sunt p\u0103strate \u00eentr-o form\u0103 care permite identificarea persoanelor vizate pe o perioad\u0103 care nu dep\u0103\u0219e\u0219te perioada necesar\u0103 \u00eendeplinirii scopurilor \u00een care sunt prelucrate datele;<\/p>\n\n\n\n<p>\u201e<em>Integritate \u0219i confiden\u021bialitate<\/em>\u201d: Datele cu caracter personal sunt prelucrate \u00eentr-un mod care asigur\u0103 securitatea adecvat\u0103 a datelor, inclusiv protec\u021bia \u00eempotriva prelucr\u0103rii neautorizate sau ilegale \u0219i \u00eempotriva pierderii, a distrugerii sau a deterior\u0103rii accidentale, prin luarea de m\u0103suri tehnice sau organizatorice corespunz\u0103toare.<\/p>\n\n\n\n<p>\u201e<em>Responsabilitate<\/em>\u201d: ELECTRA M&amp;E ROMANIA S.R.L. aplic\u0103 proceduri \u0219i politici eficiente pentru a respecta legisla\u021bia european\u0103 \u0219i na\u021bional\u0103 cu privire la protec\u021bia datelor cu caracter personal \u00een vigoare.<\/p>\n\n\n\n<p><strong>3.<\/strong> <strong>Scopurile \u0219i temeiurile colect\u0103rii \u0219i prelucr\u0103rii datelor dumneavoastr\u0103 cu caracter personal<\/strong><\/p>\n\n\n\n<p>ELECTRA M&amp;E ROMANIA S.R.L. colecteaz\u0103 \u0219i prelucreaz\u0103 datele dumneavoastr\u0103 cu caracter personal pentru urm\u0103toarele scopuri:<\/p>\n\n\n\n<p>&#8211; pentru desf\u0103\u0219urarea rela\u021biei contractuale dintre dumneavoastr\u0103 \u015fi&nbsp;ELECTRA M&amp;E ROMANIA S.R.L., respectiv pentru a v\u0103 procesa comenzile, pentru validarea, expedierea \u015fi facturarea comenzii plasate dumnevoastr\u0103, informarea dumneavoastr\u0103 asupra st\u0103rii comenzii, organizarea returului de produse comandate etc.<\/p>\n\n\n\n<p><em>Prelucrarea datelor dumneavoastr\u0103 \u00een acest scop are la baz\u0103 contractul \u00eencheiat \u00eentre dumneavoastr\u0103 \u0219i&nbsp;ELECTRA M&amp;E ROMANIA S.R.L.. Furnizarea datelor dumneavoastr\u0103 cu caracter personal este necesar\u0103 pentru executarea acestui contract. Refuzul furniz\u0103rii datelor poate avea drept consecin\u021b\u0103 imposibilitatea derul\u0103rii raporturilor contractuale dintre dumneavoastr\u0103 \u0219i&nbsp;ELECTRA M&amp;E ROMANIA S.R.L.<\/em><\/p>\n\n\n\n<p>&#8211; \u00een scop de marketing, pentru a v\u0103 informa cu privire la campaniile promo\u021bionale, pentru a v\u0103 comunica \u0219tiri despre produsele noastre, <em>\u00een cazul \u00een care v\u0103 da\u021bi consim\u021b\u0103m\u00e2ntul;<\/em><\/p>\n\n\n\n<p>&#8211; pentru \u00eendeplinirea obliga\u021biilor legale care incumb\u0103&nbsp;ELECTRA M&amp;E ROMANIA S.R.L.&nbsp; \u00een contextul serviciilor prestate prin intermediul Site-ului, inclusiv a obliga\u021biilor \u00een materie fiscal\u0103, precum \u0219i \u00een materie de arhivare.<\/p>\n\n\n\n<p><em>Prelucrarea datelor dumneavoastr\u0103 pentru acest scop este necesar\u0103 \u00een baza unor obliga\u021bii legale.<\/em><\/p>\n\n\n\n<p>&#8211; \u00een acela\u0219i timp, folosim datele dumneavoastr\u0103 cu caracter personal pentru a ne \u00eembun\u0103t\u0103\u021bi produsele \u0219i experien\u021ba dumneavoastr\u0103 atunci c\u00e2nd face\u021bi cump\u0103r\u0103turi de la noi prin orice canal de v\u00e2nzare.<\/p>\n\n\n\n<p><strong>4. Tipuri de date colectate:<\/strong><\/p>\n\n\n\n<p>Datele colectate de ELECTRA M&amp;E ROMANIA S.R.L. sunt: numele si prenumele, sex, adresa de e-mail, adresa de livrare, detalii de facturare, metoda de plata, numar de telefon, datele cardului bancar etc.<\/p>\n\n\n\n<p><strong>5. Cum colectam:<\/strong><\/p>\n\n\n\n<p>&#8211; prin comand\u0103 (prin internet sau telefonic) &#8211; atunci c\u00e2nd comanda\u021bi produse, trebuie s\u0103 ne oferi\u021bi datele dumneavoastr\u0103 cu caracter personal pentru ca s\u0103 v\u0103 putem procesa comanda;<\/p>\n\n\n\n<p>&#8211; prin \u00eenregistrare \u2013 \u00een contextul cre\u0103rii contului de utilizator, \u00een contextul plas\u0103rii unei comenzi prin intermediul site-ului nostru ELECTRA-ME.COM\/ sau \u00een orice alt mod care rezult\u0103 din utilizarea Site-ului.<\/p>\n\n\n\n<p><strong>6. Durata pentru care v\u0103 prelucr\u0103m datele<\/strong><\/p>\n\n\n\n<p>ELECTRA M&amp;E ROMANIA S.R.L.&nbsp;va prelucra datele dumneavoastr\u0103 cu caracter personal at\u00e2t c\u00e2t este necesar pentru realizarea scopurilor de prelucrare men\u021bionate mai sus.<\/p>\n\n\n\n<p>\u00cen cazul \u00een care sunte\u021bi client, vom prelucra datele dumneavoastr\u0103 pe \u00eentreaga durat\u0103 a raporturilor contractuale \u0219i ulterior conform obliga\u0163iilor legale care revin \u00een sarcina&nbsp;ELECTRA M&amp;E ROMANIA S.R.L.&nbsp;(de ex., \u00een cazul documentelor justificative financiar-contabile pentru care termenul de p\u0103strare prev\u0103zut de lege este de 10 ani de la data \u00eencheierii exerci\u0163iului financiar \u00een cursul c\u0103ruia au fost \u00eentocmite).<\/p>\n\n\n\n<p>\u00cen situa\u0163ia \u00een care sunte\u021bi client \u0219i v\u0103 exercita\u021bi op\u021biunea de \u015ftergere a contului de utilizator, nu v\u0103 vom mai trimite e-mailuri \u0219i\/sau sms-uri de acest gen. Totu\u0219i, dorim s\u0103 v\u0103 inform\u0103m c\u0103 \u0219tergerea contului nu va avea ca efect automat \u0219tergerea datelor dumneavoastr\u0103 cu caracter personal.<\/p>\n\n\n\n<p>\u00cen cazul \u00een care dori\u021bi s\u0103 nu v\u0103 mai fie prelucrate datele cu caracter personal sau dac\u0103 dori\u021bi \u0219tergerea datelor, v\u0103 pute\u021bi exercita drepturile detaliate la punctul 9 de mai jos. \u00cen cazul \u00een care solicita\u021bi \u015ftergerea contului, \u00eens\u0103 pe acel cont exist\u0103 cel pu\u0163in o comand\u0103 activ\u0103, cererea de \u015ftergere a contului va putea fi \u00eenregistrat\u0103 numai dup\u0103 livrarea produselor \u015fi finalizarea ultimei comenzi active.<\/p>\n\n\n\n<p>Dac\u0103 v\u0103 retrage\u021bi consim\u021b\u0103m\u00e2ntul pentru prelucrarea datelor \u00een scop de marketing ELECTRA M&amp;E ROMANIA S.R.L. va \u00eenceta prelucrarea datelor dumneavoastr\u0103 cu caracter personal \u00een acest scop, f\u0103r\u0103 \u00eens\u0103 a afecta prelucr\u0103rile desf\u0103\u0219urate de&nbsp;ELECTRA M&amp;E ROMANIA S.R.L.&nbsp;pe baza consim\u021b\u0103m\u00e2ntului exprimat de c\u0103tre dumneavoastr\u0103 \u00eenainte de retragerea acestuia.<\/p>\n\n\n\n<p><strong>7. Dezv\u0103luirea datelor cu caracter personal<\/strong><\/p>\n\n\n\n<p>Pentru \u00eendeplinirea scopurilor de prelucrare,&nbsp;ELECTRA M&amp;E ROMANIA S.R.L.&nbsp;poate dezv\u0103lui datele dumneavoastr\u0103 c\u0103tre parteneri, c\u0103tre ter\u021be persoane sau entit\u0103\u021bi care sprijin\u0103&nbsp;ELECTRA M&amp;E ROMANIA S.R.L.&nbsp;\u00een desf\u0103\u0219urarea activit\u0103\u021bii prin intermediul Site-ului (de exemplu firme de curierat, furnizori de servicii IT).<\/p>\n\n\n\n<p><strong>8.&nbsp;Transferul datelor cu caracter personal<\/strong><\/p>\n\n\n\n<p>Datele cu caracter personal furnizate c\u0103tre&nbsp;ELECTRA M&amp;E ROMANIA S.R.L.&nbsp;pot fi transferate \u00een afara Rom\u00e2niei, dar doar c\u0103tre state din Uniunea European\u0103.<\/p>\n\n\n\n<p>Niciun fel de date cu caracter personal nu sunt transferate c\u0103tre destinatari din \u021b\u0103ri din afara Uniunii Europene f\u0103r\u0103 a se asigura protec\u021bia eficient\u0103 a acestor date. \u00cen cazurile \u00een care este absolut necesar \u0219i \u00een contextul activit\u0103\u021bilor \u0219i opera\u021biunilor societ\u0103\u021bii ELECTRA M&amp;E ROMANIA S.R.L., transferul datelor cu caracter personal \u00een afara Uniunii Europene poate fi permis, \u00een mod excep\u021bional, at\u00e2ta timp c\u00e2t se garanteaz\u0103 protec\u021bia eficient\u0103 pentru prelucrarea \u00een siguran\u021b\u0103 a datelor cu caracter personal, \u00een conformitate cu Regulamentul Nr. 679\/2016 \u0219i cu luarea tuturor m\u0103surilor necesare \u00een fa\u021ba Autorit\u0103\u021bii pentru Protec\u021bia Datelor, \u00eenainte de transferul efectiv al datelor, \u00een acele zone unde, conform regulamentului men\u021bionat mai sus, este necesar\u0103 autorizarea prealabil\u0103 din partea Autorit\u0103\u021bii competente cu privire la transferul datelor.<\/p>\n\n\n\n<p><strong>9. Drepturile de care beneficia\u021bi<\/strong><\/p>\n\n\n\n<p>\u00cen condi\u021biile prev\u0103zute de legisla\u021bia \u00een materia prelucr\u0103rii datelor cu caracter personal, \u00een calitate de persoane vizate, beneficia\u021bi de urm\u0103toarele drepturi:<\/p>\n\n\n\n<p>&#8211; <em>dreptul la informare<\/em>, respectiv dreptul de a primi detalii privind activit\u0103\u021bile de prelucrare efectuate de c\u0103tre&nbsp;ELECTRA M&amp;E ROMANIA S.R.L., conform celor descrise \u00een prezentul document;<\/p>\n\n\n\n<p>&#8211; <em>dreptul de acces la date<\/em>, respectiv dreptul de a ob\u021bine confirmarea din partea&nbsp;ELECTRA M&amp;E ROMANIA S.R.L.&nbsp; cu privire la prelucrarea datelor cu caracter personal, precum \u0219i detalii privind activit\u0103\u021bile de prelucrare precum modalitatea \u00een care sunt prelucrate datele, scopul \u00een care se face prelucrarea, destinatarii sau categoriile de destinatari ai datelor, etc;<\/p>\n\n\n\n<p>&#8211; <em>dreptul la rectificare<\/em>, respectiv dreptul de a ob\u021bine corectarea, f\u0103r\u0103 \u00eent\u00e2rzieri justificate, de c\u0103tre&nbsp;ELECTRA M&amp;E ROMANIA S.R.L.&nbsp; a datelor cu caracter personal inexacte\/ nejustificate, precum \u0219i completarea &#8211; datelor incomplete; Rectificarea\/ completarea va fi comunicat\u0103 fiec\u0103rui destinatar la care au fost transmise datele, cu excep\u021bia cazului \u00een care acest lucru se dovede\u0219te imposibil sau presupune eforturi dispropor\u021bionate.<\/p>\n\n\n\n<p>&#8211; <em>dreptul la \u0219tergerea datelor<\/em>, f\u0103r\u0103 \u00eent\u00e2rzieri nejustificate, (\u201edreptul de a fi uitat\u201d), \u00een cazul in care se aplic\u0103 unul dintre urm\u0103toarele motive: (i) acestea nu mai sunt necesare pentru \u00eendeplinirea scopurilor pentru care au fost colectate sau prelucrate; (ii) \u00een cazul \u00een care este retras consim\u021b\u0103m\u00e2ntul \u0219i nu exist\u0103 niciun alt temei juridic pentru prelucrare; (iii) \u00een cazul \u00een care persoana vizat\u0103 se opune prelucr\u0103rii \u0219i nu exist\u0103 motive legitime care s\u0103 prevaleze; (iv) \u00een cazul \u00een care datele cu caracter personal au fost prelucrate ilegal; (v) \u00een cazul \u00een care datele cu caracter personal trebuie \u0219terse pentru respectarea unei obliga\u021bii legale; (vi) datele cu caracter personal au fost colectate \u00een leg\u0103tur\u0103 cu oferirea de servicii ale societ\u0103\u021bii informa\u021bionale conform dreptului Uniunii sau al dreptului intern sub incidenta c\u0103ruia se afl\u0103 operatorul.<\/p>\n\n\n\n<p>Este posibil ca, \u00een urma solicit\u0103rii de \u0219tergere a datelor,&nbsp;ELECTRA M&amp;E ROMANIA S.R.L.&nbsp; s\u0103 anonimizeze aceste date (lipsindu-le astfel de caracterul personal) \u0219i s\u0103 continue \u00een aceste condi\u021bii prelucrarea pentru scopuri statistice;<\/p>\n\n\n\n<p>&#8211; <em>dreptul la restric\u021bionarea prelucr\u0103rii<\/em> \u00een m\u0103sura \u00een care daca aveti \u00eendoieli cu privire la exactitatea datelor, precum si in alte cazuri prevazute de lege;<\/p>\n\n\n\n<p>&#8211; <em>dreptul la portabilitatea datelor<\/em>, respectiv (i) dreptul de a primi datele cu caracter personal \u00eentr-o modalitate structurat\u0103, folosit\u0103 \u00een mod obi\u0219nuit \u0219i \u00eentr-un format u\u0219or de citit, precum \u0219i (ii) dreptul ca aceste date s\u0103 fie transmise de c\u0103tre&nbsp;ELECTRA M&amp;E ROMANIA S.R.L.&nbsp; c\u0103tre alt operator de date, \u00een m\u0103sura \u00een care sunt \u00eendeplinite condi\u021biile prev\u0103zute de lege;<\/p>\n\n\n\n<p>&#8211; <em>dreptul la opozi\u021bie<\/em> \u2013 respectiv dreptul de a v\u0103 opune prelucr\u0103rii datelor cu caracter personal care se bazeaz\u0103 pe un temei legal pe care ELECTRA M&amp;E ROMANIA S.R.L. \u00eel consider\u0103 legitim. In plus, ave\u021bi dreptul de a v\u0103&nbsp; opune \u00een orice moment prelucr\u0103rii datelor cu caracter personal \u00een scopuri de marketing direct.<\/p>\n\n\n\n<p>&#8211; <em>dreptul de a nu fi supus unei decizii individuale automate<\/em>, respectiv dreptul de a nu fi subiectul unei decizii luate numai pe baza unor activit\u0103\u021bi de prelucrare automate, inclusiv crearea de profiluri, care produce efecte juridice care privesc persoana vizat\u0103 sau o afecteaz\u0103 \u00een mod similar \u00eentr-o m\u0103sur\u0103 semnificativ\u0103;<\/p>\n\n\n\n<p>&#8211; <em>dreptul de a v\u0103 adresa Autorit\u0103\u0163ii Na\u0163ionale de Supraveghere a Prelucr\u0103rii Datelor cu Caracter Personal sau instan\u021belor competente<\/em>, \u00een m\u0103sura \u00een care considera\u021bi necesar.<\/p>\n\n\n\n<p><strong>10. Securitatea datelor<\/strong><\/p>\n\n\n\n<p>ELECTRA M&amp;E ROMANIA S.R.L. va lua m\u0103suri adecvate de&nbsp; securitate, inclusiv informarea \u0219i instruirea angaja\u021bilor, cu privire la protec\u021bia datelor cu caracter personal \u00eempotriva amenin\u021b\u0103rilor, precum:<\/p>\n\n\n\n<h3 class=\"wp-block-heading\">i. pierderea accidental\u0103 sau furtul;<\/h3>\n\n\n\n<h3 class=\"wp-block-heading\">ii. accesul, utilizarea sau dezv\u0103luirea neautorizate;<\/h3>\n\n\n\n<h3 class=\"wp-block-heading\">iii. copierea, alterarea, falsificarea sau modificarea neautorizat\u0103 a datelor;<\/h3>\n\n\n\n<h3 class=\"wp-block-heading\">iv. p\u0103strarea ilegal\u0103 sau neautorizat\u0103 a datelor; \u0219i<\/h3>\n\n\n\n<h3 class=\"wp-block-heading\">v. distrugerea accidental\u0103 sau ilegal\u0103<\/h3>\n\n\n\n<h3 class=\"wp-block-heading\">Angaja\u021bii ELECTRA M&amp;E ROMANIA S.R.L. vor lua m\u0103suri potrivite pentru a preveni utilizarea necorespunz\u0103toare sau pierderea datelor cu caracter personal, \u0219i pentru a preveni accesul neautorizat la datele cu caracter personal: angaja\u021bii vor raporta orice situa\u021bie de utilizare necorespunz\u0103toare sau presupus\u0103 utilizare necorespunz\u0103toare, pierdere sau acces neautorizat c\u0103tre Departamentul de Resurse Umane \u0219i\/sau, posibil, c\u0103tre Departamentul IT, \u00een cazul \u00een care ac\u021biunile de mai sus sunt cauzate de probleme tehnice sau tehnologice.<\/h3>\n\n\n\n<h3 class=\"wp-block-heading\">Controlul privind nivelul de protec\u021bie:<\/h3>\n\n\n\n<h2 class=\"wp-block-heading\">ELECTRA M&amp;E ROMANIA S.R.L. efectueaz\u0103 cu regularitate controale asupra procedurilor privind colectarea, stocarea \u0219i prelucrarea datelor cu caracter personal pentru a verifica eficien\u021ba m\u0103surilor aplicate \u00een vederea protec\u021biei datelor.<\/h2>\n\n\n\n<p>Pentru orice \u00eentreb\u0103ri suplimentare cu privire la modul \u00een care datele cu caracter personal sunt prelucrate \u0219i pentru a v\u0103 exercita drepturile men\u021bionate mai sus, v\u0103 rug\u0103m s\u0103 v\u0103 adresa\u021bi cu o solicitare la adresa de email:&nbsp;<a href=\"mailto:office@electra-me.com\">OFFICE@ELECTRA-ME.COM<\/a><\/p>\n\n\n\n<p>Aceast\u0103 pagin\u0103 de Internet folose\u0219te fi\u0219iere de tip cookie. Pentru mai multe informa\u021bii cu privire la modul \u00een care se folosesc aceste fi\u0219iere, v\u0103 rug\u0103m s\u0103 accesa\u021bi urm\u0103torul link:&nbsp;<a href=\"https:\/\/gdprcomplet.ro\/politica-privind-cookie-urile\/\">politica-privind-cookie-urile.<\/a><\/p>\n\n\n\n<p><strong>SOCIETATEA ELECTRA M&amp;E ROMANIA S.R.L.<\/strong><\/p>\n","protected":false},"excerpt":{"rendered":"<p>POLITICA DE CONFIDENTIALITATE A SOCIETATII ELECTRA M&amp;E ROMANIA S.R.L. 1. Informa\u021bii generale Aceast\u0103 Politic\u0103 de confiden\u021bialitate (\u201cPolitica\u201d) explic\u0103 modul \u00een care societatea ELECTRA M&amp;E ROMANIA S.R.L. (denumit\u0103 \u00een continuare: \u201dELECTRA M&amp;E ROMANIA S.R.L.\u201d sau \u201dSocietatea\u201d) colecteaz\u0103, proceseaz\u0103 \u015fi protejeaz\u0103 datele dumneavoastr\u0103 cu caracter personal. ELECTRA M&amp;E ROMANIA S.R.L. cunoa\u0219te importan\u021ba datelor dumneavoastr\u0103 \u0219i se angajeaz\u0103 [&hellip;]<\/p>\n","protected":false},"author":1,"featured_media":0,"parent":0,"menu_order":0,"comment_status":"closed","ping_status":"closed","template":"","meta":{"footnotes":""},"class_list":["post-2441","page","type-page","status-publish","hentry","entry"],"_links":{"self":[{"href":"https:\/\/electra-me.com\/ro\/wp-json\/wp\/v2\/pages\/2441","targetHints":{"allow":["GET"]}}],"collection":[{"href":"https:\/\/electra-me.com\/ro\/wp-json\/wp\/v2\/pages"}],"about":[{"href":"https:\/\/electra-me.com\/ro\/wp-json\/wp\/v2\/types\/page"}],"author":[{"embeddable":true,"href":"https:\/\/electra-me.com\/ro\/wp-json\/wp\/v2\/users\/1"}],"replies":[{"embeddable":true,"href":"https:\/\/electra-me.com\/ro\/wp-json\/wp\/v2\/comments?post=2441"}],"version-history":[{"count":2,"href":"https:\/\/electra-me.com\/ro\/wp-json\/wp\/v2\/pages\/2441\/revisions"}],"predecessor-version":[{"id":2456,"href":"https:\/\/electra-me.com\/ro\/wp-json\/wp\/v2\/pages\/2441\/revisions\/2456"}],"wp:attachment":[{"href":"https:\/\/electra-me.com\/ro\/wp-json\/wp\/v2\/media?parent=2441"}],"curies":[{"name":"wp","href":"https:\/\/api.w.org\/{rel}","templated":true}]}}